{"id":523,"date":"2018-08-08T14:13:17","date_gmt":"2018-08-08T12:13:17","guid":{"rendered":"http:\/\/foncier.fr\/?page_id=523"},"modified":"2026-02-23T17:32:41","modified_gmt":"2026-02-23T16:32:41","slug":"notation","status":"publish","type":"page","link":"https:\/\/foncier.fr\/en\/notation\/","title":{"rendered":"Ratings"},"content":{"rendered":"<p class=\"chapo\" style=\"text-align: left;\">Obligations fonci\u00e8res of Compagnie de Financement Foncier are rated by Standard &amp; Poor&#8217;s (S&amp;P), Moody&#8217;s and Scope Ratings.<\/p>\n<a name=\"anc-69dfee2f386e1\" class=\"space size1\" data-attr=\"1\"><\/a>\n<table style=\"width: 100%; background-color: 61788e;\">\n<tbody>\n<tr>\n<th style=\"width: 33.3334%; background-color: #61788e; text-align: center; vertical-align: middle;\" colspan=\"2\" scope=\"colgroup\"><span style=\"color: #ffffff;\">Standard &amp; Poor&#8217;s (S&amp;P)<\/span><\/th>\n<th style=\"width: 33.3334%; background-color: #61788e; text-align: center; vertical-align: middle;\" colspan=\"2\" scope=\"colgroup\"><span style=\"color: #ffffff;\">Moody&#8217;s<\/span><\/th>\n<th style=\"width: 33.3334%; background-color: #61788e; text-align: center; vertical-align: middle;\" colspan=\"2\" scope=\"colgroup\"><span style=\"color: #ffffff;\">Scope Ratings<\/span><\/th>\n<\/tr>\n<tr>\n<td style=\"width: 16.6667%; text-align: center; vertical-align: middle;\">ST<\/td>\n<td style=\"width: 16.6667%; text-align: center; vertical-align: middle;\">LT<\/td>\n<td style=\"width: 16.6667%; text-align: center; vertical-align: middle;\">ST<\/td>\n<td style=\"width: 16.6667%; text-align: center; vertical-align: middle;\">LT<\/td>\n<td style=\"width: 16.6667%; text-align: center; vertical-align: middle;\">ST<\/td>\n<td style=\"width: 16.6667%; text-align: center; vertical-align: middle;\">LT<\/td>\n<\/tr>\n<tr>\n<td style=\"width: 16.6667%; text-align: center; vertical-align: middle;\">A1<\/td>\n<td style=\"width: 16.6667%; text-align: center; vertical-align: middle;\"><strong>AAA<\/strong><br \/>\nStable outlook<\/td>\n<td style=\"width: 16.6667%; text-align: center; vertical-align: middle;\">P1<\/td>\n<td style=\"width: 16.6667%; text-align: center; vertical-align: middle;\"><strong>Aaa<\/strong><br \/>\nStable outlook<\/td>\n<td style=\"width: 16.6667%; text-align: center; vertical-align: middle;\"><\/td>\n<td style=\"width: 16.6667%; text-align: center; vertical-align: middle;\"><strong>AAA<\/strong><br \/>\nStable outlook<\/td>\n<\/tr>\n<\/tbody>\n<\/table>\n\n<p>The rating of Compagnie de Financement Foncier not only reflects the stringent legal and regulatory framework but also the additional commitments it has made to investors, taken into account by the rating agencies.<\/p>\n<p>Compagnie de Financement Foncier is committed to maintain an overcollateralization level on its covered bond program commensurate with a AAA rating from S&amp;P Global Ratings.<\/p>\n<p>Indeed Compagnie de Financement is required to effect management requirements allowing it to achieve overcollateralization above the regulatory minimum and minimize its risks:<\/p>\n<a class=\"chapitre\" name=\"credit-and-counterparty-risks\" href=\"#\">Credit and counterparty risks<\/a>\n<h2 style=\"text-align: left;\">Credit and counterparty risks<\/h2>\n<h3 style=\"text-align: left;\">Asset purchasing criteria by category<\/h3>\n<p>In addition to the high level of security conferred by the very nature of the eligible assets, Compagnie de Financement Foncier sets up additional asset purchasing criteria for each asset category, so as to limit its exposure to credit risk.<\/p>\n<p>A selection is thus made on the basis of ratings, probability of default, repayment capacities, score at origination, loss expectations and possible hedging of assets. The assets meeting the purchase filter criteria are then purchased at a price incorporating the characteristics of each asset and the market rate curves.<\/p>\n<p>Furthermore, the safe and liquid short term exposures to credit institutions held by Compagnie de Financement Foncier benefit from very good credit ratings assigned by the external rating agencies.<\/p>\n<p>The minimum acceptable credit rating for each asset depends on the investment horizon and must meet the minimum rating criteria of each of the two main agencies, as shown below:<\/p>\n<table style=\"width: 100%;\">\n<tbody>\n<tr>\n<th style=\"width: 33.3333%; background-color: #61788e; text-align: center;\" scope=\"presentation\"><\/th>\n<th style=\"width: 33.3333%; background-color: #61788e; text-align: center;\" scope=\"colgroup\"><span style=\"color: #ffffff;\">Standard &amp; Poor&#8217;s<\/span><\/th>\n<th style=\"width: 33.3333%; background-color: #61788e; text-align: center;\" scope=\"colgroup\"><span style=\"color: #ffffff;\">Moody&#8217;s<\/span><\/th>\n<\/tr>\n<tr>\n<th style=\"width: 33.3333%; text-align: left;\" scope=\"row\">From 0 to 60 days<\/th>\n<td style=\"width: 33.3333%; text-align: center;\">ST : A1<\/td>\n<td style=\"width: 33.3333%; text-align: center;\">ST : P1<\/td>\n<\/tr>\n<tr>\n<th style=\"width: 33.3333%; text-align: left;\" rowspan=\"2\" scope=\"rowgroup\">From 61 days to 365 days<\/th>\n<td style=\"width: 33.3333%; text-align: center;\" rowspan=\"2\">ST : A1 +<\/td>\n<td style=\"width: 33.3333%; text-align: center;\">ST : P1<\/td>\n<\/tr>\n<tr>\n<td style=\"width: 33.3333%; text-align: center;\">LT : Aa3<\/td>\n<\/tr>\n<\/tbody>\n<\/table>\n\n<p>Scope Ratings applies no predefined minimum rating. The analysis is done on a case by case basis.<\/p>\n<a name=\"anc-69dfee2f38774\" class=\"space size1\" data-attr=\"1\"><\/a>\n<h3>Limiting counterparty risk<\/h3>\n<p>Cr\u00e9dit Foncier Group\u2019s risk policy specifies per-counterparty limits and Compagnie de Financement Foncier observes these limits in its decision process.<\/p>\n<p>For its hedging transactions and the company executes a framework agreement with each of its counterparties, with asymmetrical collateralisation and other specific terms set forth in an appendix to this agreement.<\/p>\n<p>Each counterparty agrees to pay Compagnie de Financement Foncier on a daily basis (or on a weekly basis for some of them) depending on the counterparty\u2019s rating a security deposit equal to its net debt position, with no compensation for this.<\/p>\n<p>On 9 January 2013, Compagnie de Financement Foncier made the following committments:<\/p>\n<ul>\n<li>in the event of a counterparty\u2019s downgrade rating below a certain level, new circumstance allowing Compagnie de Financement Foncier to terminate a swap contract: committment to find under sixty days an equivalent coverage or to have the necessary overcollateralisation to set off the risk that has become uncovered for swaps overpassing 5% of obligations fonci\u00e8res outstanding;<\/li>\n<li>in the event of BPCE\u2019s downgrade rating below A1 (Standard &amp; Poor\u2019s rating): committment to put in order under sixty days non-compliant swap contracts and whose outstandings overpass 5% of the privileged resources, or to replace the counterparties.<\/li>\n<\/ul>\n<div class=\"separate\"><\/div>\n<a class=\"chapitre\" name=\"currency-and-interest-rate-risks\" href=\"#\">\nCurrency and interest rate risks<\/a>\n<h2 style=\"text-align: left;\">Currency and interest rate risks<\/h2>\n<h3>Systematically hedged variable-rate assets and liabilities<\/h3>\n<h4 style=\"text-align: left;\">Management of interest rate risk<\/h4>\n<p style=\"text-align: left;\">Compagnie de Financement Foncier is committed to keeping its interest rate gaps within the specific limits set for each period and to correct any excess observed by the following quarter:<\/p>\n<table style=\"width: 100%;\">\n<tbody>\n<tr>\n<th style=\"width: 50%; background-color: #61788e; text-align: center;\" scope=\"col\"><span style=\"color: #ffffff;\">Horizon<\/span><\/th>\n<th style=\"width: 50%; background-color: #61788e; text-align: center;\" scope=\"col\"><span style=\"color: #ffffff;\">Limits in \u20acbn<\/span><\/th>\n<\/tr>\n<tr>\n<th style=\"width: 50%; text-align: left;\" scope=\"row\">Less than 2 years<\/th>\n<td style=\"width: 50%; text-align: center;\">\u20ac1.5bn<\/td>\n<\/tr>\n<tr>\n<th style=\"width: 50%; text-align: left;\" scope=\"row\">2-4 years<\/th>\n<td style=\"width: 50%; text-align: center;\">\u20ac1.7bn<\/td>\n<\/tr>\n<tr>\n<th style=\"width: 50%; text-align: left;\" scope=\"row\">4-8 years<\/th>\n<td style=\"width: 50%; text-align: center;\">\u20ac2.1bn<\/td>\n<\/tr>\n<tr>\n<th style=\"width: 50%; text-align: left;\" scope=\"row\">Threshold of 8-16 years<\/th>\n<td style=\"width: 50%; text-align: center;\">\u00a0\u20ac2.1bn<\/td>\n<\/tr>\n<\/tbody>\n<\/table>\n<h4><\/h4>\n<a name=\"anc-69dfee2f387e5\" class=\"space size1\" data-attr=\"1\"><\/a>\n<h4 style=\"text-align: left;\">No currency risk<\/h4>\n<p style=\"text-align: left;\">Compagnie de Financement Foncier prohibits any open foreign exchange positions. As such, all asset purchase or refinancing transactions that are not denominated in euros are systematically hedged against currency risk.<\/p>\n<p style=\"text-align: left;\">In practice, Compagnie de Financement Foncier limits its residual currency positions to \u20ac3m by currency with a \u20ac5m cap for all currencies.<\/p>\n<div class=\"separate\"><\/div>\n<a class=\"chapitre\" name=\"hedging-liquidity-risks\" href=\"#\">Hedging liquidity risks<\/a>\n<h2 style=\"text-align: left;\">Hedging liquidity risks<\/h2>\n<p>In accordance with the legislative constraints requiring that soci\u00e9t\u00e9s de cr\u00e9dit foncier ensure that, at all times, all of their cash flow requirements are hedged for a period of 180 days, Compagnie de Financement Foncier has adopted a specific process to monitor its 180 day liquidity. This guarantees that it always maintains enough liquidity to honor its privileged liability commitments for at least 180 days.<\/p>\n<p>The high quality of the receivables on its balance sheet enables Compagnie de Financement Foncier\u2019s to have immediate access to significant amounts of funding from central banks, such as the ECB.<\/p>\n<p>Thus, at all times, Companie de Financement Foncier has its \u2019s cash, its safe and liquid exposures to credit institutions and its level 1, 2A and 2B liquid assets [see Delegated Regulation (EU) 2015\/61 of October 10, 2014] in order to ensure the contractual repayments of its privileged debt over the following 180 days.<\/p>\n<p>With the volume of Compagnie de Financement Foncier&#8217;s assets eligible for the European Central Bank&#8217;s liquidity facility (\u20ac14.1 bn as of December 31, 2022), it could service its payments and build up its liquidity for much longer than the 6 months to which it is committed.<\/p>\n<p>In accordance with regulatory provisions, Compagnie de Financement Foncier also limits the difference between the average duration of its total assets and its privileged liabilities to 18 months. At December 31, 2022, the total assets average duration was 6.6 years and the privileged liabilities average duration was 7 years.<\/p>\n<div class=\"separate\"><\/div>\n<a class=\"chapitre\" name=\"rating-agencies-reports\" href=\"#\">Rating agencies\u2019 reports<\/a>\n<h2 class=\"ce_headline\" style=\"text-align: left;\">Rating agencies\u2019 reports<\/h2>\n<div class=\"multidoc\"><div class=\"titre\">Standard &amp; poors<\/div>\n<div class=\"encart  doc\"><a href=\"https:\/\/foncier.fr\/fcontent\/uploads\/2026\/02\/Transaction-Update_Compagnie-de-Financement-Foncier_Mortgage-And-Public-Sector-Covered-Bonds_Jan-21-2026.pdf\" rel=\"noopener\" target=\"_blank\" class=\" media\"><div class=\"picto align-self-center\" aria-hidden=\"true\"><\/div><div class=\"media-body align-self-center\"><div class=\"meta\">Download - PDF - 226 KB<\/div><div class=\"titre\">Transaction Update<\/div><div class=\"date\">January 21, 2026<\/div><\/div><\/a><\/div>\n<div class=\"encart  doc\"><a href=\"https:\/\/foncier.fr\/fcontent\/uploads\/2024\/12\/Transaction-Update-SCF_Nov-01-2024.pdf\" rel=\"noopener\" target=\"_blank\" class=\" media\"><div class=\"picto align-self-center\" aria-hidden=\"true\"><\/div><div class=\"media-body align-self-center\"><div class=\"meta\">Download - PDF - 642 KB<\/div><div class=\"titre\">Transaction Update<\/div><div class=\"date\">November, 01 2024<\/div><\/div><\/a><\/div>\n<div class=\"encart  doc\"><a href=\"https:\/\/foncier.fr\/fcontent\/uploads\/2022\/07\/TU_Compagnie-de-Financement-Foncier_Jul-19-2022.pdf\" rel=\"noopener\" target=\"_blank\" class=\" media\"><div class=\"picto align-self-center\" aria-hidden=\"true\"><\/div><div class=\"media-body align-self-center\"><div class=\"meta\">Download - PDF - 900 KB<\/div><div class=\"titre\">Transaction Update<\/div><div class=\"date\">July, 19 2022<\/div><\/div><\/a><\/div>\n<div class=\"encart  doc\"><a href=\"https:\/\/foncier.fr\/fcontent\/uploads\/2022\/06\/TU-CFiF_Jul-30-2021-1.pdf\" rel=\"noopener\" target=\"_blank\" class=\" media\"><div class=\"picto align-self-center\" aria-hidden=\"true\"><\/div><div class=\"media-body align-self-center\"><div class=\"meta\">Download - PDF - 742 KB<\/div><div class=\"titre\">Transaction Update<\/div><div class=\"date\">July, 30 2021<\/div><\/div><\/a><\/div>\n<div class=\"encart  doc\"><a href=\"https:\/\/foncier.fr\/fcontent\/uploads\/2020\/06\/SP_TU_CieFF_Oct-07-2019.pdf\" rel=\"noopener\" target=\"_blank\" class=\" media\"><div class=\"picto align-self-center\" aria-hidden=\"true\"><\/div><div class=\"media-body align-self-center\"><div class=\"meta\">Download - PDF - 740 KB<\/div><div class=\"titre\">Transaction Update<\/div><div class=\"date\">October 7, 2019<\/div><\/div><\/a><\/div>\n<div class=\"encart  doc\"><a href=\"https:\/\/foncier.fr\/fcontent\/uploads\/2018\/08\/Moodys_Groupe-BPCE-would-benefit-from-integration-of-Credit-Foncier_201...-1.pdf\" rel=\"noopener\" target=\"_blank\" class=\" media\"><div class=\"picto align-self-center\" aria-hidden=\"true\"><\/div><div class=\"media-body align-self-center\"><div class=\"meta\">Download - PDF - 1 MB<\/div><div class=\"titre\">Foncier 2018<\/div><div class=\"date\">August 2, 2018<\/div><\/div><\/a><\/div>\n<\/div>\n<div class=\"multidoc\"><div class=\"titre\">Moody\u2019s<\/div>\n<div class=\"encart  doc\"><a href=\"https:\/\/foncier.fr\/fcontent\/uploads\/2024\/12\/Compagnie-de-Financement-Foncier-Covered-Bonds-30-06-2024.pdf\" rel=\"noopener\" target=\"_blank\" class=\" media\"><div class=\"picto align-self-center\" aria-hidden=\"true\"><\/div><div class=\"media-body align-self-center\"><div class=\"meta\">Download - PDF - 2 MB<\/div><div class=\"titre\">Moody&#8217;s : CieFF CB<\/div><div class=\"date\">October 21, 2024<\/div><\/div><\/a><\/div>\n<div class=\"encart  doc\"><a href=\"https:\/\/foncier.fr\/fcontent\/uploads\/2022\/06\/Performance-Data-Compagnie-de-Financement-Foncier-Covered-Bonds-24Jun22-2.pdf\" rel=\"noopener\" target=\"_blank\" class=\" media\"><div class=\"picto align-self-center\" aria-hidden=\"true\"><\/div><div class=\"media-body align-self-center\"><div class=\"meta\">Download - PDF - 2 MB<\/div><div class=\"titre\">Moody&#8217;s : CieFF CB<\/div><div class=\"date\">June 24, 2022<\/div><\/div><\/a><\/div>\n<div class=\"encart  doc\"><a href=\"https:\/\/foncier.fr\/fcontent\/uploads\/2020\/06\/Compagnie-de-Financement-Foncier-Covered-Bonds-31-12-2019.pdf\" rel=\"noopener\" target=\"_blank\" class=\" media\"><div class=\"picto align-self-center\" aria-hidden=\"true\"><\/div><div class=\"media-body align-self-center\"><div class=\"meta\">Download - PDF - 1 MB<\/div><div class=\"titre\">Moody&#8217;s : CieFF CB<\/div><div class=\"date\">December 31, 2019<\/div><\/div><\/a><\/div>\n<div class=\"encart  doc\"><a href=\"https:\/\/foncier.fr\/fcontent\/uploads\/2018\/08\/Moodys_Groupe-BPCE-would-benefit-from-integration-of-Credit-Foncier_201....pdf\" rel=\"noopener\" target=\"_blank\" class=\" media\"><div class=\"picto align-self-center\" aria-hidden=\"true\"><\/div><div class=\"media-body align-self-center\"><div class=\"meta\">Download - PDF - 1 MB<\/div><div class=\"titre\">Moody&#8217;s Groupe BPCE would benefit from integration of Credit <\/div><div class=\"date\">July 2018<\/div><\/div><\/a><\/div>\n<div class=\"encart  doc\"><a href=\"https:\/\/foncier.fr\/fcontent\/uploads\/2018\/08\/Moodys_Groupe-BPCE-would-benefit-from-integration-of-Credit-Foncier_201...-1.pdf\" rel=\"noopener\" target=\"_blank\" class=\" media\"><div class=\"picto align-self-center\" aria-hidden=\"true\"><\/div><div class=\"media-body align-self-center\"><div class=\"meta\">Download - PDF - 1 MB<\/div><div class=\"titre\">Foncier 2018<\/div><div class=\"date\">July 2, 2018<\/div><\/div><\/a><\/div>\n<\/div>\n\n<div class=\"multidoc\"><div class=\"titre\">Scope Ratings<\/div>\n<div class=\"encart  doc\"><a href=\"https:\/\/foncier.fr\/fcontent\/uploads\/2024\/12\/202410-CieFF-performance-report-definitif.pdf\" rel=\"noopener\" target=\"_blank\" class=\" media\"><div class=\"picto align-self-center\" aria-hidden=\"true\"><\/div><div class=\"media-body align-self-center\"><div class=\"meta\">Download - PDF - 513 KB<\/div><div class=\"titre\">Scope Ratings<\/div><div class=\"date\">October 11, 2024<\/div><\/div><\/a><\/div>\n<div class=\"encart  doc\"><a href=\"https:\/\/foncier.fr\/fcontent\/uploads\/2022\/06\/CoFF-CBs_RAR_2021-Nov-1.pdf\" rel=\"noopener\" target=\"_blank\" class=\" media\"><div class=\"picto align-self-center\" aria-hidden=\"true\"><\/div><div class=\"media-body align-self-center\"><div class=\"meta\">Download - PDF - 113 KB<\/div><div class=\"titre\">Scope Ratings<\/div><div class=\"date\">November 10, 2021<\/div><\/div><\/a><\/div>\n<div class=\"encart  doc\"><a href=\"https:\/\/foncier.fr\/fcontent\/uploads\/2022\/06\/CoFF-CBs_RAR_2021-Nov-1.pdf\" rel=\"noopener\" target=\"_blank\" class=\" media\"><div class=\"picto align-self-center\" aria-hidden=\"true\"><\/div><div class=\"media-body align-self-center\"><div class=\"meta\">Download - PDF - 113 KB<\/div><div class=\"titre\">Scope Ratings<\/div><div class=\"date\">November 10, 2021<\/div><\/div><\/a><\/div>\n<div class=\"encart  doc\"><a href=\"https:\/\/foncier.fr\/fcontent\/uploads\/2020\/06\/20200420_CoFF_OF.pdf\" rel=\"noopener\" target=\"_blank\" class=\" media\"><div class=\"picto align-self-center\" aria-hidden=\"true\"><\/div><div class=\"media-body align-self-center\"><div class=\"meta\">Download - PDF - 535 KB<\/div><div class=\"titre\">Scope Ratings<\/div><div class=\"date\">April 2, 2020<\/div><\/div><\/a><\/div>\n<div class=\"encart  doc\"><a href=\"https:\/\/foncier.fr\/fcontent\/uploads\/2018\/08\/Scope-Ratings-2-July-2018.pdf\" rel=\"noopener\" target=\"_blank\" class=\" media\"><div class=\"picto align-self-center\" aria-hidden=\"true\"><\/div><div class=\"media-body align-self-center\"><div class=\"meta\">Download - PDF - 39 KB<\/div><div class=\"titre\">Scope Ratings<\/div><div class=\"date\">July 2, 2018<\/div><\/div><\/a><\/div>\n<\/div>\n","protected":false},"excerpt":{"rendered":"<p>Obligations fonci\u00e8res of Compagnie de Financement Foncier are rated by Standard &amp; Poor&#8217;s (S&amp;P), Moody&#8217;s and Scope Ratings. Standard &amp; Poor&#8217;s (S&amp;P) Moody&#8217;s Scope Ratings ST LT ST LT ST LT A1 AAA Stable outlook P1 Aaa Stable outlook AAA Stable outlook The rating of Compagnie de Financement Foncier not only reflects the stringent legal [&hellip;]<\/p>\n","protected":false},"author":2,"featured_media":122,"parent":0,"menu_order":0,"comment_status":"closed","ping_status":"closed","template":"","meta":{"_acf_changed":false,"footnotes":""},"acf":[],"_links":{"self":[{"href":"https:\/\/foncier.fr\/en\/wp-json\/wp\/v2\/pages\/523"}],"collection":[{"href":"https:\/\/foncier.fr\/en\/wp-json\/wp\/v2\/pages"}],"about":[{"href":"https:\/\/foncier.fr\/en\/wp-json\/wp\/v2\/types\/page"}],"author":[{"embeddable":true,"href":"https:\/\/foncier.fr\/en\/wp-json\/wp\/v2\/users\/2"}],"replies":[{"embeddable":true,"href":"https:\/\/foncier.fr\/en\/wp-json\/wp\/v2\/comments?post=523"}],"version-history":[{"count":13,"href":"https:\/\/foncier.fr\/en\/wp-json\/wp\/v2\/pages\/523\/revisions"}],"predecessor-version":[{"id":6211,"href":"https:\/\/foncier.fr\/en\/wp-json\/wp\/v2\/pages\/523\/revisions\/6211"}],"wp:featuredmedia":[{"embeddable":true,"href":"https:\/\/foncier.fr\/en\/wp-json\/wp\/v2\/media\/122"}],"wp:attachment":[{"href":"https:\/\/foncier.fr\/en\/wp-json\/wp\/v2\/media?parent=523"}],"curies":[{"name":"wp","href":"https:\/\/api.w.org\/{rel}","templated":true}]}}