{"id":521,"date":"2018-08-08T12:14:06","date_gmt":"2018-08-08T10:14:06","guid":{"rendered":"http:\/\/foncier.fr\/?page_id=521"},"modified":"2025-09-02T17:22:08","modified_gmt":"2025-09-02T15:22:08","slug":"positioning","status":"publish","type":"page","link":"https:\/\/foncier.fr\/en\/positioning\/","title":{"rendered":"Positioning"},"content":{"rendered":"<p class=\"chapo\" style=\"text-align: left;\">Groupe BPCE, created in July 2009, is the result of the merger of Caisse Nationale des Caisses d&#8217;Epargnes&#8217; central institution (CNCE) with the Banque F\u00e9d\u00e9rale des Banques Populaires&#8217; central institution (BFBP).<\/p>\n<p>Cr\u00e9dit Foncier, of which Compagnie de Financement Foncier is a fully-owned subsidiary, is directly owned by BPCE.<\/p>\n<p>Compagnie de Financement Foncier, as Cr\u00e9dit Foncier de France, is affiliated with BPCE (Article L.511-31 of the French Monetary and Financial Code)<\/p>\n<a name=\"anc-69d5d85b607c4\" class=\"space size1\" data-attr=\"1\"><\/a>\n<h4>Focus on the positioning of Compagnie de Financement Foncier<\/h4>\n\n<p><img loading=\"lazy\" decoding=\"async\" class=\"aligncenter wp-image-5935 size-full\" src=\"https:\/\/backoffice-foncier.prd.mycloud.intrabpce.fr\/fcontent\/uploads\/2025\/09\/Organigramme-BPCE-GB-06.25.png\" alt=\"\" width=\"803\" height=\"558\" srcset=\"https:\/\/foncier.fr\/fcontent\/uploads\/2025\/09\/Organigramme-BPCE-GB-06.25.png 803w, https:\/\/foncier.fr\/fcontent\/uploads\/2025\/09\/Organigramme-BPCE-GB-06.25-300x208.png 300w, https:\/\/foncier.fr\/fcontent\/uploads\/2025\/09\/Organigramme-BPCE-GB-06.25-768x534.png 768w, https:\/\/foncier.fr\/fcontent\/uploads\/2025\/09\/Organigramme-BPCE-GB-06.25-255x177.png 255w, https:\/\/foncier.fr\/fcontent\/uploads\/2025\/09\/Organigramme-BPCE-GB-06.25-510x354.png 510w\" sizes=\"(max-width: 803px) 100vw, 803px\" \/><\/p>\n\n","protected":false},"excerpt":{"rendered":"<p>Groupe BPCE, created in July 2009, is the result of the merger of Caisse Nationale des Caisses d&#8217;Epargnes&#8217; central institution (CNCE) with the Banque F\u00e9d\u00e9rale des Banques Populaires&#8217; central institution (BFBP). Cr\u00e9dit Foncier, of which Compagnie de Financement Foncier is a fully-owned subsidiary, is directly owned by BPCE. Compagnie de Financement Foncier, as Cr\u00e9dit Foncier [&hellip;]<\/p>\n","protected":false},"author":2,"featured_media":123,"parent":0,"menu_order":0,"comment_status":"closed","ping_status":"closed","template":"","meta":{"_acf_changed":false,"footnotes":""},"acf":[],"_links":{"self":[{"href":"https:\/\/foncier.fr\/en\/wp-json\/wp\/v2\/pages\/521"}],"collection":[{"href":"https:\/\/foncier.fr\/en\/wp-json\/wp\/v2\/pages"}],"about":[{"href":"https:\/\/foncier.fr\/en\/wp-json\/wp\/v2\/types\/page"}],"author":[{"embeddable":true,"href":"https:\/\/foncier.fr\/en\/wp-json\/wp\/v2\/users\/2"}],"replies":[{"embeddable":true,"href":"https:\/\/foncier.fr\/en\/wp-json\/wp\/v2\/comments?post=521"}],"version-history":[{"count":6,"href":"https:\/\/foncier.fr\/en\/wp-json\/wp\/v2\/pages\/521\/revisions"}],"predecessor-version":[{"id":5938,"href":"https:\/\/foncier.fr\/en\/wp-json\/wp\/v2\/pages\/521\/revisions\/5938"}],"wp:featuredmedia":[{"embeddable":true,"href":"https:\/\/foncier.fr\/en\/wp-json\/wp\/v2\/media\/123"}],"wp:attachment":[{"href":"https:\/\/foncier.fr\/en\/wp-json\/wp\/v2\/media?parent=521"}],"curies":[{"name":"wp","href":"https:\/\/api.w.org\/{rel}","templated":true}]}}