{"id":1784,"date":"2018-10-01T12:03:30","date_gmt":"2018-10-01T10:03:30","guid":{"rendered":"http:\/\/foncier.fr\/?page_id=1784"},"modified":"2026-02-19T11:56:01","modified_gmt":"2026-02-19T10:56:01","slug":"legal-notice","status":"publish","type":"page","link":"https:\/\/foncier.fr\/en\/legal-notice\/","title":{"rendered":"Legal notice"},"content":{"rendered":"<a class=\"chapitre\" name=\"foreword\" href=\"#\">Foreword<\/a>\n<h2>Foreword<\/h2>\n<p>You have just logged on to the website backoffice-foncier.prd.mycloud.intrabpce.fr, edited by Compagnie de Financement Foncier, a wholly-owned subsidiary of Cr\u00e9dit Foncier de France. The access and the use of this website are submitted to the conditions described below and to the applicable laws and rules. The connection and the access at the website imply the integral acceptance by the website visitor of the provisions below. The Editor reserves the right to change and correct the use conditions below and all the website content at any time without notice. The visitor has to consult the present conditions at every connection.<\/p>\n<a name=\"anc-69d5dd5794bda\" class=\"space size1\" data-attr=\"1\"><\/a>\n<a class=\"chapitre\" name=\"identification-et-publication-informations-legales\" href=\"#\">Identification et publication \u2013 Informations l\u00e9gales<\/a>\n<h2>Identification and publication \u2013 Legal information<\/h2>\n<p>Le site backoffice-foncier.prd.mycloud.intrabpce.fr est la propri\u00e9t\u00e9 de la Compagnie de Financement Foncier<br \/>\nD\u00e9nomination sociale : Compagnie de Financement Foncier<br \/>\nSoci\u00e9t\u00e9 Anonyme : 1 537 459 936 Euros<br \/>\nRCS : B 421 263 047<br \/>\nN\u00b0 SIRET 421 263 047 00027<br \/>\nSi\u00e8ge social : 182 avenue de France, 75013 Paris.<br \/>\n&#8211; Repr\u00e9sentant l\u00e9gal : Olivier AVIS,\u00a0Directeur G\u00e9n\u00e9ral<br \/>\n&#8211; Directeur de la publication : Olivier AVIS<br \/>\n&#8211; Directeur de la R\u00e9daction : Gregory Glycococalos<br \/>\n&#8211; H\u00e9bergeur : BPCE Infog\u00e9rance et Technologies &#8211; 110 avenue de France &#8211; 75013 Paris &#8211; T\u00e9l. 01 87.25.40.00<\/p>\n<a name=\"anc-69d5dd5794c53\" class=\"space size1\" data-attr=\"1\"><\/a>\n<a class=\"chapitre\" name=\"use-and-access-conditions\" href=\"#\">Use and access conditions<\/a>\n<h2>Use and access conditions<\/h2>\n<p>backoffice-foncier.prd.mycloud.intrabpce.fr is a presentation website, whose purpose is to provide with information on Compagnie de Financement Foncier. This website is subject to French law.<\/p>\n<p>Users of this site acknowledge that they have the skills and equipment necessary to access and use the site. They also acknowledge that they are aware of this legal notice and engage to respect it.<\/p>\n<p>Users of this website acknowledge that they have been informed is accessible 24 hours a day seven days a week, except in case of absolute necessity, data-processing difficulties, difficulties related to the telecommunication networks or other technical difficulties. For reasons of maintenance, the Compagnie de Financement Foncier will be able to stop the access to the site and will notice the users beforehand. Compagnie de Financement Foncier could not be held responsible for the impossibility of access to the site.<\/p>\n<a name=\"anc-69d5dd5794ca1\" class=\"space size1\" data-attr=\"1\"><\/a>\n<a class=\"chapitre\" name=\"information-placed-at-the-disposal-on-the-site\" href=\"#\">Information placed at the disposal on the site<\/a>\n<h2>Information placed at the disposal on the site<\/h2>\n<p>The provided information on the www.backoffice-foncier.prd.mycloud.intrabpce.fr site is on a purely informative basis. Compagnie de Financement Foncier endeavours to ensure the exactitude and the update of the information, in particular financial, disseminated on this site, of which it reserves the right to modify and to constantly correct the contents and without notice. It cannot however guarantee the completeness of it, the precision, the exhaustiveness or the absence of modification by a third. The information disseminated on this site could not in any case to be interpreted like a canvassing, a council, an offer of service and\/or products or an incentive to acquire transferable securities of Compagnie de Financement Foncier or any other company mentioned on the site.<\/p>\n<p>Compagnie de Financement Foncier declines consequently any responsibility :<\/p>\n<p>in the event of inaccuracy, error or omission relating to information available on the site; of an absence of availability of information,<br \/>\nfor all damage, direct and\/or indirect, whatever the causes, origins, natures or consequences,<br \/>\nfor the use of the site and\/or the credit granted to any information coming directly or indirectly from the site,<br \/>\ndecisions taken on the basis of information contained on the site, and the use which could be made by thirds about it.<\/p>\n<a name=\"anc-69d5dd5794cef\" class=\"space size1\" data-attr=\"1\"><\/a>\n<a class=\"chapitre\" name=\"policy-of-hypertext-links\" href=\"#\">Policy of hypertext links<\/a>\n<h2>Policy of hypertext links<\/h2>\n<p>The hypertext links set up within the framework of the backoffice-foncier.prd.mycloud.intrabpce.fr website in direction of other resources present on Internet network, and in particular of the partners, were subject to a prior and express approval.<\/p>\n<p>However, Compagnie de Financement Foncier not being the editor of these sites, it cannot control the contents of it. Consequently, Compagnie de Financement Foncier will not be in no case held for being in charge of the contents of the sites thus accessible, or the possible personal collections and data transmission, installation of cookies or any other process tending to the same ends, carried out by these sites.<\/p>\n<p>Thus, the existence of a link of the site of Compagnie de Financement Foncier towards another site does not constitute a recommendation nor a validation of this site or its contents. It is up to the user to use this information with understanding and critical mind.<\/p>\n<p>The users and visitors of the backoffice-foncier.prd.mycloud.intrabpce.fr site cannot in any case set up a hypertext link in direction to the site without written and preliminary authorization of Compagnie de Financement Foncier. Any request tending for this purpose must be addressed to the person in charge of the www.backoffice-foncier.prd.mycloud.intrabpce.fr site.<\/p>\n<a name=\"anc-69d5dd5794d29\" class=\"space size1\" data-attr=\"1\"><\/a>\n<a class=\"chapitre\" name=\"data-processing\" href=\"#\">Data processing<\/a>\n<h2>Data processing<\/h2>\n<p>The site of Compagnie de Financement Foncier is declared at the National IT commission and freedoms (CNIL-France) pursuant to the law n\u00b078-17 of January 6, 1978 relating to data processing, the files and \u201cfreedoms\u201d.<\/p>\n<p>In certain cases (questionnaires, request of information, deposit of candidature, etc), Compagnie de Financement Foncier has the right to ask the website visitor to communicate personal information such as their name, first name, coordinates and email address to him.<\/p>\n<p>The user is informed that he has a right to access, correct and delete data relating to them by mail to the Compagnie de Financement Foncier at 182 avenue de France 75013 paris (by precisely indicating to it the object of its request).<\/p>\n<p>The user is in particular informed that, in accordance with the law of January 6, 1978, the personal information communicated by the user because of the forms present on the site are intended for Compagnie de Financement Foncier can be, possibly, communicated to thirds and in particular the company\u2019s subsidiary and to partners of Compagnie de Financement Foncier. The user has the right to be opposed to this communication by writing to the address mentioned above.<\/p>\n<a name=\"anc-69d5dd5794d5e\" class=\"space size1\" data-attr=\"1\"><\/a>\n<a class=\"chapitre\" name=\"intellectual-property\" href=\"#\">Intellectual property<\/a>\n<h2>Intellectual property<\/h2>\n<p>All the data (texts, sounds or images) being reproduced on the pages of this site are the exclusive property of Compagnie de Financement Foncier. Any reproduction, representation or diffusion, in whole or part, of the contents of this site on some support or by any procedure is prohibited. The non-observance of this prohibition constitutes a counterfeit likely to engage the civil responsibility and penal of the counterfeiter.<\/p>\n<p>The brands of Compagnie de Financement Foncier as well as the logos being reproduced on the site are registered trademarks. Any total or partial reproduction of these brands and logos for any purpose and in particular with an advertising purpose, is prohibited without the prior agreement and writing of the holder of the brand, in accordance with the L713-2 article of the Code of the Intellectual property.<\/p>\n<a name=\"anc-69d5dd5794d99\" class=\"space size1\" data-attr=\"1\"><\/a>\n<a class=\"chapitre\" name=\"cookies\" href=\"#\">Cookies<\/a>\n<h2>Cookies<\/h2>\n<p>The user of Compagnie de Financement Foncier\u2019s website is informed that at the time of their visits on the site, a cookie can be automatically installed on its software of navigation and be temporarily stored on its hard drive.<\/p>\n<p>A cookie is an element which does not allow to identify the user but is used to record relative information with the navigation of this one on Internet site.<\/p>\n<p>The user will be able to desactivate this cookie by changing the parameters appearing within its software of navigation. Cookies requiring user consent are installed only if he has consented.<\/p>\n<p>The user of the site of Compagnie de Financement Foncier\u2019s website admits being informed of this practice and authorizes Compagnie de Financement Foncier to employ it.<\/p>\n<a name=\"anc-69d5dd5794dcb\" class=\"space size1\" data-attr=\"1\"><\/a>\n<p><strong>Rules governing the use of cookies on Compagnie de Financement Foncier website : www.backoffice-foncier.prd.mycloud.intrabpce.fr<\/strong><\/p>\n<h3>1\/ What is a cookie?<\/h3>\n<p>Cookies are small text files stored on the user&#8217;s terminal*. They are used by web developers to retain user data to help visitors navigate their websites more efficiently and to perform certain functions. A cookie file also allows the server to identify the terminal on which it is stored during the period of validity, or until the expiration date, of that cookie.<\/p>\n<p>*Terminal\u201d refers to the electronic device (computer, tablet, smartphone, etc.) that you use to consult or display a website, application, advertisement, etc.<\/p>\n<h3>2\/ What cookies do we use, and what for?<\/h3>\n<p>Essential cookies for operation These are the cookies necessary for the site to function and they cannot be disabled. Without these cookies, you would not be able to use this site normally.<\/p>\n<p>More specifically, these trackers serve the following purposes: ensure the proper functioning of the site, facilitate use by adapting features, provide services related to subscribed contracts, detect fraud, transmit essential information to you, comply with regulatory constraints.<\/p>\n<p>This site uses only technical cookies necessary for its proper functioning, which is why we do not collect your consent prior to installing such trackers on your terminal equipment.<\/p>\n<a name=\"anc-69d5dd5794de1\" class=\"space size1\" data-attr=\"1\"><\/a>\n<a class=\"chapitre\" name=\"complaints-mediation\" href=\"#\">Complaints &#8211; Mediation<\/a>\n<h2>Complaints \u2013 Mediation<\/h2>\n<p>All complaints must be sent in writing to the Customer Complaints Department of Cr\u00e9dit Foncier. If the response provided does not satisfy you, you may contact the ASF Mediator for free at the following address: Monsieur le M\u00e9diateur de l\u2019ASF 75854 Paris Cedex 17 or on their website: <a href=\"http:\/\/lemediateur.asf-france.com\/\" target=\"_blank\" rel=\"noopener\" aria-label=\"Open ASF (Assocation fran\u00e7aise des Soci\u00e9t\u00e9s Financi\u00e8res) website - New tab\">http:\/\/lemediateur.asf-france.com<\/a>.<\/p>\n<p>You can view the ASF (Association fran\u00e7aise des Soci\u00e9t\u00e9s Financi\u00e8res) Mediation Charter <a href=\"https:\/\/lemediateur.asf-france.com\/Charte+de+la+mediation\" target=\"_blank\" rel=\"noopener\" aria-label=\"Open ASF (Assocation fran\u00e7aise des Soci\u00e9t\u00e9s Financi\u00e8res) Mediation charter - New tab\">here<\/a>.<\/p>\n","protected":false},"excerpt":{"rendered":"<p>Foreword You have just logged on to the website backoffice-foncier.prd.mycloud.intrabpce.fr, edited by Compagnie de Financement Foncier, a wholly-owned subsidiary of Cr\u00e9dit Foncier de France. The access and the use of this website are submitted to the conditions described below and to the applicable laws and rules. The connection and the access at the website imply [&hellip;]<\/p>\n","protected":false},"author":2,"featured_media":1814,"parent":0,"menu_order":0,"comment_status":"closed","ping_status":"closed","template":"","meta":{"_acf_changed":false,"footnotes":""},"acf":[],"_links":{"self":[{"href":"https:\/\/foncier.fr\/en\/wp-json\/wp\/v2\/pages\/1784"}],"collection":[{"href":"https:\/\/foncier.fr\/en\/wp-json\/wp\/v2\/pages"}],"about":[{"href":"https:\/\/foncier.fr\/en\/wp-json\/wp\/v2\/types\/page"}],"author":[{"embeddable":true,"href":"https:\/\/foncier.fr\/en\/wp-json\/wp\/v2\/users\/2"}],"replies":[{"embeddable":true,"href":"https:\/\/foncier.fr\/en\/wp-json\/wp\/v2\/comments?post=1784"}],"version-history":[{"count":17,"href":"https:\/\/foncier.fr\/en\/wp-json\/wp\/v2\/pages\/1784\/revisions"}],"predecessor-version":[{"id":6202,"href":"https:\/\/foncier.fr\/en\/wp-json\/wp\/v2\/pages\/1784\/revisions\/6202"}],"wp:featuredmedia":[{"embeddable":true,"href":"https:\/\/foncier.fr\/en\/wp-json\/wp\/v2\/media\/1814"}],"wp:attachment":[{"href":"https:\/\/foncier.fr\/en\/wp-json\/wp\/v2\/media?parent=1784"}],"curies":[{"name":"wp","href":"https:\/\/api.w.org\/{rel}","templated":true}]}}